
{"id":15916,"date":"2017-07-27T11:11:36","date_gmt":"2017-07-27T09:11:36","guid":{"rendered":"https:\/\/www.brickrknowledge.de\/?page_id=15916\/"},"modified":"2017-08-10T17:47:56","modified_gmt":"2017-08-10T15:47:56","slug":"internet-things-set","status":"publish","type":"page","link":"https:\/\/forum.brickrknowledge.eu\/es\/sets\/experiments\/internet-things-set\/","title":{"rendered":"Set Internet of Things"},"content":{"rendered":"<p style=\"text-align: left;\">\n\t\n\t<div class=\"container\" style=\"margin-top: 43px; margin-bottom: 43px;\">\n\t\t<div class=\"row\">\n\n\t\t\t\t\t\t\t<div class=\"col-sm-2 col-xs-6\">\n\t\t\t\t\t<img decoding=\"async\" class=\"img-responsive\" src=\"\" \/>\t\t\t\t<\/div>\n\t\t\t\t\t\t\t<div class=\"col-sm-2 col-xs-6\">\n\t\t\t\t\t<img decoding=\"async\" class=\"img-responsive\" src=\"\" \/>\t\t\t\t<\/div>\n\t\t\t\n\t\t\t\n\n\t\t<\/div>\n\t<\/div>\n\n\n\t<\/p>\n<p style=\"text-align: left;\">Con el set Internet of Things Set es posible controlar los Bricks v\u00eda Internet. Con los Brick IoT incluidos puedes por ejemplo crear tu primera p\u00e1gina web propia y controlar los pines I\/O con tu Smartphone. Adem\u00e1s el set incluye sensores de temperatura y humedad, de los cuales podr\u00e1s visuaizar los valores en una pantalla. El primer paso hac\u00eda la dom\u00f3tica.Tambi\u00e9n se pueden consultar y mostrar por ejemplo el curso del dolar desde Internet. Para poder controlar el display de 7 segmentos, se utiliza el bus I\u00b2C, el cual conoceremos en breve. El Internet de cosas esta esperando ser descubierto por ti<\/p>\n\n\t\n\n\t<div class=\"download_container category_container clearfix\" style=\"width: 400px; margin-top: 48px; margin-bottom: 48px; float: left; margin-right: 24px; min-height: 340px !important;\">\n\n\t\t<div class=\"download_thumb\" style=\"float:left; width: 50px;\">\n\t\t\t<a href=\"\/content\/uploads\/2017\/05\/BRK-IoT-Set_Manual.pdf\" target=\"_blank\" style=\"text-transform: uppercase;\"><i class=\"fa fa-file-pdf-o fa-4x\"><\/i><\/a>\n\t\t<\/div>\n\n\t\t<div class=\"download_content\" style=\"float: left; margin-left: 30px; width: 280px;\">\n\t\t\t<h3 style=\"margin-top: 0;\">Manual Set Internet of Things<\/h3>\n\t\t\t<p>El manual Set Internet of Things contiene la descprici\u00f3n de los Brick que contiene. Tambi\u00e9n tiene ejemplos de programaci\u00f3n que se pueden probar o coger como inspiraci\u00f3n para crear propias ideas.<\/p>\n\n\n\t\t\t<a href=\"\/content\/uploads\/2017\/05\/BRK-IoT-Set_Manual.pdf\" target=\"_blank\" style=\"text-transform: uppercase;\">>> Download now<\/a>\n\t\t<\/div>\n\t<\/div>\n\n\n\n\t\n\n\t\n\t<div class=\"download_container category_container clearfix\" style=\"width: 400px; margin-top: 48px; margin-bottom: 48px; float: left; margin-right: 24px; min-height: 340px !important;\">\n\n\t\t<div class=\"download_thumb\" style=\"float:left; width: 50px;\">\n\t\t\t<a href=\"138090.html\" target=\"_blank\"><i class=\"fa fa-cart-plus fa-4x\"><\/i><\/a>\n\t\t<\/div>\n\n\t\t<div class=\"download_content\" style=\"float: left; margin-left: 30px; width: 280px;\">\n\t\t\t<h3 style=\"margin-top: 0;\">Set Internet of Things - En la tienda<\/h3>\n\t\t\t<p>\n\t\t\t\t\t\t\t<\/p>\n\n\t\t\t<p>\n\t\t\t\t<strong>Art.-ID:<\/strong> 138090<br \/>\n\t\t\t\t<strong>Manufacturer-ID:<\/strong> ALL-BRICK-0646<br \/>\n\t\t\t\t<strong>EAN-Code:<\/strong>  4038816138095<br \/><br \/><br \/>\n\t\t\t<\/p>\n\n\t\t\t<a href=\"https:\/\/shop.maker-store.de\/ArtByOrdernumber\/forward\/article\/138090\" target=\"_blank\">>> Order now<\/a>\n\t\t<\/div>\n\t<\/div>\n\n\n\t\n\n\t<div class=\"container\" style=\"margin-top: 43px; clear: both;\">\n\t\t<div class=\"row\">\n\n\t\t\t\n\n\n\n\n\n\t    <div class=\"container\" style=\"padding-bottom: 64px;\">\n        <div class=\"row\">\n\n\t\t\t\t\t\t        <\/div> <!--\/ .row -->\n    <\/div> <!--\/ flipper -->\n    <\/div>\n\n\n\n\n\t\t\t\n\n\t\t<\/div>\n\t<\/div>\n\n\t\n","protected":false},"excerpt":{"rendered":"<p>Con el set Internet of Things Set es posible controlar los Bricks v\u00eda Internet. Con los Brick IoT incluidos puedes por ejemplo crear tu primera p\u00e1gina web propia y controlar los pines I\/O con tu Smartphone. Adem\u00e1s el set incluye sensores de temperatura y humedad, de los cuales podr\u00e1s visuaizar los valores en una pantalla. [&hellip;]<\/p>\n","protected":false},"author":5,"featured_media":0,"parent":12357,"menu_order":0,"comment_status":"closed","ping_status":"closed","template":"page_sets.php","meta":{"footnotes":""},"categories":[],"tags":[],"class_list":["post-15916","page","type-page","status-publish","hentry"],"yoast_head":"<!-- This site is optimized with the Yoast SEO plugin v23.3 - https:\/\/yoast.com\/wordpress\/plugins\/seo\/ -->\n<title>Set Internet of Things - Brick&#039;R&#039;knowledge<\/title>\n<meta name=\"robots\" content=\"index, follow, max-snippet:-1, max-image-preview:large, max-video-preview:-1\" \/>\n<link rel=\"canonical\" href=\"https:\/\/brickrknowledge.com\/es\/sets\/experiments\/internet-things-set\/\" \/>\n<meta property=\"og:locale\" content=\"es_ES\" \/>\n<meta property=\"og:type\" content=\"article\" \/>\n<meta property=\"og:title\" content=\"Set Internet of Things - Brick&#039;R&#039;knowledge\" \/>\n<meta property=\"og:description\" content=\"Con el set Internet of Things Set es posible controlar los Bricks v\u00eda Internet. Con los Brick IoT incluidos puedes por ejemplo crear tu primera p\u00e1gina web propia y controlar los pines I\/O con tu Smartphone. Adem\u00e1s el set incluye sensores de temperatura y humedad, de los cuales podr\u00e1s visuaizar los valores en una pantalla. [&hellip;]\" \/>\n<meta property=\"og:url\" content=\"https:\/\/brickrknowledge.com\/es\/sets\/experiments\/internet-things-set\/\" \/>\n<meta property=\"og:site_name\" content=\"Brick&#039;R&#039;knowledge\" \/>\n<meta property=\"article:publisher\" content=\"https:\/\/www.facebook.com\/BrickRknowledge\" \/>\n<meta property=\"article:modified_time\" content=\"2017-08-10T15:47:56+00:00\" \/>\n<meta name=\"twitter:card\" content=\"summary_large_image\" \/>\n<meta name=\"twitter:site\" content=\"@brickrknowledge\" \/>\n<meta name=\"twitter:label1\" content=\"Est. reading time\" \/>\n\t<meta name=\"twitter:data1\" content=\"1 minute\" \/>\n<script type=\"application\/ld+json\" class=\"yoast-schema-graph\">{\"@context\":\"https:\/\/schema.org\",\"@graph\":[{\"@type\":\"WebPage\",\"@id\":\"https:\/\/brickrknowledge.com\/es\/sets\/experiments\/internet-things-set\/\",\"url\":\"https:\/\/brickrknowledge.com\/es\/sets\/experiments\/internet-things-set\/\",\"name\":\"Set Internet of Things - Brick&#039;R&#039;knowledge\",\"isPartOf\":{\"@id\":\"https:\/\/www.brickrknowledge.de\/en\/#website\"},\"datePublished\":\"2017-07-27T09:11:36+00:00\",\"dateModified\":\"2017-08-10T15:47:56+00:00\",\"breadcrumb\":{\"@id\":\"https:\/\/brickrknowledge.com\/es\/sets\/experiments\/internet-things-set\/#breadcrumb\"},\"inLanguage\":\"es-ES\",\"potentialAction\":[{\"@type\":\"ReadAction\",\"target\":[\"https:\/\/brickrknowledge.com\/es\/sets\/experiments\/internet-things-set\/\"]}]},{\"@type\":\"BreadcrumbList\",\"@id\":\"https:\/\/brickrknowledge.com\/es\/sets\/experiments\/internet-things-set\/#breadcrumb\",\"itemListElement\":[{\"@type\":\"ListItem\",\"position\":1,\"name\":\"Home\",\"item\":\"https:\/\/www.brickrknowledge.com\/es\/\"},{\"@type\":\"ListItem\",\"position\":2,\"name\":\"Sets\",\"item\":\"https:\/\/www.brickrknowledge.eu\/es\/sets\/\"},{\"@type\":\"ListItem\",\"position\":3,\"name\":\"Experimentales\",\"item\":\"https:\/\/www.brickrknowledge.eu\/es\/sets\/experiments\/\"},{\"@type\":\"ListItem\",\"position\":4,\"name\":\"Set Internet of Things\"}]},{\"@type\":\"WebSite\",\"@id\":\"https:\/\/www.brickrknowledge.de\/en\/#website\",\"url\":\"https:\/\/www.brickrknowledge.de\/en\/\",\"name\":\"Brick&#039;R&#039;knowledge\",\"description\":\"\",\"potentialAction\":[{\"@type\":\"SearchAction\",\"target\":{\"@type\":\"EntryPoint\",\"urlTemplate\":\"https:\/\/www.brickrknowledge.de\/en\/?s={search_term_string}\"},\"query-input\":\"required name=search_term_string\"}],\"inLanguage\":\"es-ES\"}]}<\/script>\n<!-- \/ Yoast SEO plugin. -->","yoast_head_json":{"title":"Set Internet of Things - Brick&#039;R&#039;knowledge","robots":{"index":"index","follow":"follow","max-snippet":"max-snippet:-1","max-image-preview":"max-image-preview:large","max-video-preview":"max-video-preview:-1"},"canonical":"https:\/\/brickrknowledge.com\/es\/sets\/experiments\/internet-things-set\/","og_locale":"es_ES","og_type":"article","og_title":"Set Internet of Things - Brick&#039;R&#039;knowledge","og_description":"Con el set Internet of Things Set es posible controlar los Bricks v\u00eda Internet. Con los Brick IoT incluidos puedes por ejemplo crear tu primera p\u00e1gina web propia y controlar los pines I\/O con tu Smartphone. Adem\u00e1s el set incluye sensores de temperatura y humedad, de los cuales podr\u00e1s visuaizar los valores en una pantalla. [&hellip;]","og_url":"https:\/\/brickrknowledge.com\/es\/sets\/experiments\/internet-things-set\/","og_site_name":"Brick&#039;R&#039;knowledge","article_publisher":"https:\/\/www.facebook.com\/BrickRknowledge","article_modified_time":"2017-08-10T15:47:56+00:00","twitter_card":"summary_large_image","twitter_site":"@brickrknowledge","twitter_misc":{"Est. reading time":"1 minute"},"schema":{"@context":"https:\/\/schema.org","@graph":[{"@type":"WebPage","@id":"https:\/\/brickrknowledge.com\/es\/sets\/experiments\/internet-things-set\/","url":"https:\/\/brickrknowledge.com\/es\/sets\/experiments\/internet-things-set\/","name":"Set Internet of Things - Brick&#039;R&#039;knowledge","isPartOf":{"@id":"https:\/\/www.brickrknowledge.de\/en\/#website"},"datePublished":"2017-07-27T09:11:36+00:00","dateModified":"2017-08-10T15:47:56+00:00","breadcrumb":{"@id":"https:\/\/brickrknowledge.com\/es\/sets\/experiments\/internet-things-set\/#breadcrumb"},"inLanguage":"es-ES","potentialAction":[{"@type":"ReadAction","target":["https:\/\/brickrknowledge.com\/es\/sets\/experiments\/internet-things-set\/"]}]},{"@type":"BreadcrumbList","@id":"https:\/\/brickrknowledge.com\/es\/sets\/experiments\/internet-things-set\/#breadcrumb","itemListElement":[{"@type":"ListItem","position":1,"name":"Home","item":"https:\/\/www.brickrknowledge.com\/es\/"},{"@type":"ListItem","position":2,"name":"Sets","item":"https:\/\/www.brickrknowledge.eu\/es\/sets\/"},{"@type":"ListItem","position":3,"name":"Experimentales","item":"https:\/\/www.brickrknowledge.eu\/es\/sets\/experiments\/"},{"@type":"ListItem","position":4,"name":"Set Internet of Things"}]},{"@type":"WebSite","@id":"https:\/\/www.brickrknowledge.de\/en\/#website","url":"https:\/\/www.brickrknowledge.de\/en\/","name":"Brick&#039;R&#039;knowledge","description":"","potentialAction":[{"@type":"SearchAction","target":{"@type":"EntryPoint","urlTemplate":"https:\/\/www.brickrknowledge.de\/en\/?s={search_term_string}"},"query-input":"required name=search_term_string"}],"inLanguage":"es-ES"}]}},"_links":{"self":[{"href":"https:\/\/forum.brickrknowledge.eu\/es\/wp-json\/wp\/v2\/pages\/15916"}],"collection":[{"href":"https:\/\/forum.brickrknowledge.eu\/es\/wp-json\/wp\/v2\/pages"}],"about":[{"href":"https:\/\/forum.brickrknowledge.eu\/es\/wp-json\/wp\/v2\/types\/page"}],"author":[{"embeddable":true,"href":"https:\/\/forum.brickrknowledge.eu\/es\/wp-json\/wp\/v2\/users\/5"}],"replies":[{"embeddable":true,"href":"https:\/\/forum.brickrknowledge.eu\/es\/wp-json\/wp\/v2\/comments?post=15916"}],"version-history":[{"count":0,"href":"https:\/\/forum.brickrknowledge.eu\/es\/wp-json\/wp\/v2\/pages\/15916\/revisions"}],"up":[{"embeddable":true,"href":"https:\/\/forum.brickrknowledge.eu\/es\/wp-json\/wp\/v2\/pages\/12357"}],"wp:attachment":[{"href":"https:\/\/forum.brickrknowledge.eu\/es\/wp-json\/wp\/v2\/media?parent=15916"}],"wp:term":[{"taxonomy":"category","embeddable":true,"href":"https:\/\/forum.brickrknowledge.eu\/es\/wp-json\/wp\/v2\/categories?post=15916"},{"taxonomy":"post_tag","embeddable":true,"href":"https:\/\/forum.brickrknowledge.eu\/es\/wp-json\/wp\/v2\/tags?post=15916"}],"curies":[{"name":"wp","href":"https:\/\/api.w.org\/{rel}","templated":true}]}}