
{"id":13708,"date":"2016-12-30T10:26:13","date_gmt":"2016-12-30T09:26:13","guid":{"rendered":"https:\/\/www.brickrknowledge.de\/es\/?page_id=13708"},"modified":"2017-08-10T17:13:06","modified_gmt":"2017-08-10T15:13:06","slug":"measurement-set-two","status":"publish","type":"page","link":"https:\/\/forum.brickrknowledge.eu\/es\/sets\/extensiones\/measurement-set-two\/","title":{"rendered":"Set Medici\u00f3n 2"},"content":{"rendered":"\n\t\n\t<div class=\"container\" style=\"margin-top: 43px; margin-bottom: 43px;\">\n\t\t<div class=\"row\">\n\n\t\t\t\t\t\t\t<div class=\"col-sm-2 col-xs-6\">\n\t\t\t\t\t<img decoding=\"async\" class=\"img-responsive\" src=\"\" \/>\t\t\t\t<\/div>\n\t\t\t\t\t\t\t<div class=\"col-sm-2 col-xs-6\">\n\t\t\t\t\t<img decoding=\"async\" class=\"img-responsive\" src=\"\" \/>\t\t\t\t<\/div>\n\t\t\t\t\t\t\t<div class=\"col-sm-2 col-xs-6\">\n\t\t\t\t\t<img decoding=\"async\" class=\"img-responsive\" src=\"\" \/>\t\t\t\t<\/div>\n\t\t\t\n\t\t\t\n\n\t\t<\/div>\n\t<\/div>\n\n\n\t\n<p>El Set Medici\u00f3n 2 permite con medidores est\u00e1ndar detectar en circuitos Brick\u2019R\u2019knowledge\u00a0la tensi\u00f3n, el\u00a0amperaje u otras\u00a0medidas posibles<\/p>\n\n\t\n\t<div class=\"download_container category_container clearfix\" style=\"width: 400px; margin-top: 48px; margin-bottom: 48px; float: left; margin-right: 24px; min-height: 340px !important;\">\n\n\t\t<div class=\"download_thumb\" style=\"float:left; width: 50px;\">\n\t\t\t<a href=\"136820.html\" target=\"_blank\"><i class=\"fa fa-cart-plus fa-4x\"><\/i><\/a>\n\t\t<\/div>\n\n\t\t<div class=\"download_content\" style=\"float: left; margin-left: 30px; width: 280px;\">\n\t\t\t<h3 style=\"margin-top: 0;\">Set Medici\u00f3n 2 - En la tienda<\/h3>\n\t\t\t<p>\n\t\t\t\t\t\t\t<\/p>\n\n\t\t\t<p>\n\t\t\t\t<strong>Art.-ID:<\/strong> 136820<br \/>\n\t\t\t\t<strong>Manufacturer-ID:<\/strong> ALL-BRICK-0638<br \/>\n\t\t\t\t<strong>EAN-Code:<\/strong>  4038816136824<br \/><br \/><br \/>\n\t\t\t<\/p>\n\n\t\t\t<a href=\"https:\/\/shop.maker-store.de\/ArtByOrdernumber\/forward\/article\/136820\" target=\"_blank\">>> Order now<\/a>\n\t\t<\/div>\n\t<\/div>\n\n\n\t\n\n\t<div class=\"container\" style=\"margin-top: 43px; clear: both;\">\n\t\t<div class=\"row\">\n\n\t\t\t\n\n\n\n\n\n\t    <div class=\"container\" style=\"padding-bottom: 64px;\">\n        <div class=\"row\">\n\n\t\t\t\t\t\t        <\/div> <!--\/ .row -->\n    <\/div> <!--\/ flipper -->\n    <\/div>\n\n\n\n\n\t\t\t\n\n\t\t<\/div>\n\t<\/div>\n\n\t\n","protected":false},"excerpt":{"rendered":"<p>El Set Medici\u00f3n 2 permite con medidores est\u00e1ndar detectar en circuitos Brick\u2019R\u2019knowledge\u00a0la tensi\u00f3n, el\u00a0amperaje u otras\u00a0medidas posibles<\/p>\n","protected":false},"author":2,"featured_media":0,"parent":15917,"menu_order":0,"comment_status":"closed","ping_status":"closed","template":"page_sets.php","meta":{"footnotes":""},"categories":[],"tags":[],"class_list":["post-13708","page","type-page","status-publish","hentry"],"yoast_head":"<!-- This site is optimized with the Yoast SEO plugin v23.3 - https:\/\/yoast.com\/wordpress\/plugins\/seo\/ -->\n<title>Set Medici\u00f3n 2 - Brick&#039;R&#039;knowledge<\/title>\n<meta name=\"robots\" content=\"index, follow, max-snippet:-1, max-image-preview:large, max-video-preview:-1\" \/>\n<link rel=\"canonical\" href=\"https:\/\/brickrknowledge.com\/es\/sets\/extensiones\/measurement-set-two\/\" \/>\n<meta property=\"og:locale\" content=\"es_ES\" \/>\n<meta property=\"og:type\" content=\"article\" \/>\n<meta property=\"og:title\" content=\"Set Medici\u00f3n 2 - Brick&#039;R&#039;knowledge\" \/>\n<meta property=\"og:description\" content=\"El Set Medici\u00f3n 2 permite con medidores est\u00e1ndar detectar en circuitos Brick\u2019R\u2019knowledge\u00a0la tensi\u00f3n, el\u00a0amperaje u otras\u00a0medidas posibles\" \/>\n<meta property=\"og:url\" content=\"https:\/\/brickrknowledge.com\/es\/sets\/extensiones\/measurement-set-two\/\" \/>\n<meta property=\"og:site_name\" content=\"Brick&#039;R&#039;knowledge\" \/>\n<meta property=\"article:publisher\" content=\"https:\/\/www.facebook.com\/BrickRknowledge\" \/>\n<meta property=\"article:modified_time\" content=\"2017-08-10T15:13:06+00:00\" \/>\n<meta name=\"twitter:card\" content=\"summary_large_image\" \/>\n<meta name=\"twitter:site\" content=\"@brickrknowledge\" \/>\n<script type=\"application\/ld+json\" class=\"yoast-schema-graph\">{\"@context\":\"https:\/\/schema.org\",\"@graph\":[{\"@type\":\"WebPage\",\"@id\":\"https:\/\/brickrknowledge.com\/es\/sets\/extensiones\/measurement-set-two\/\",\"url\":\"https:\/\/brickrknowledge.com\/es\/sets\/extensiones\/measurement-set-two\/\",\"name\":\"Set Medici\u00f3n 2 - Brick&#039;R&#039;knowledge\",\"isPartOf\":{\"@id\":\"https:\/\/wiki.brickrknowledge.com\/es\/#website\"},\"datePublished\":\"2016-12-30T09:26:13+00:00\",\"dateModified\":\"2017-08-10T15:13:06+00:00\",\"breadcrumb\":{\"@id\":\"https:\/\/brickrknowledge.com\/es\/sets\/extensiones\/measurement-set-two\/#breadcrumb\"},\"inLanguage\":\"es-ES\",\"potentialAction\":[{\"@type\":\"ReadAction\",\"target\":[\"https:\/\/brickrknowledge.com\/es\/sets\/extensiones\/measurement-set-two\/\"]}]},{\"@type\":\"BreadcrumbList\",\"@id\":\"https:\/\/brickrknowledge.com\/es\/sets\/extensiones\/measurement-set-two\/#breadcrumb\",\"itemListElement\":[{\"@type\":\"ListItem\",\"position\":1,\"name\":\"Home\",\"item\":\"https:\/\/wiki.brickrknowledge.com\/es\/\"},{\"@type\":\"ListItem\",\"position\":2,\"name\":\"Sets\",\"item\":\"https:\/\/forum.brickrknowledge.eu\/es\/sets\/\"},{\"@type\":\"ListItem\",\"position\":3,\"name\":\"Extensiones\",\"item\":\"https:\/\/forum.brickrknowledge.eu\/es\/sets\/extensiones\/\"},{\"@type\":\"ListItem\",\"position\":4,\"name\":\"Set Medici\u00f3n 2\"}]},{\"@type\":\"WebSite\",\"@id\":\"https:\/\/wiki.brickrknowledge.com\/es\/#website\",\"url\":\"https:\/\/wiki.brickrknowledge.com\/es\/\",\"name\":\"Brick&#039;R&#039;knowledge\",\"description\":\"\",\"potentialAction\":[{\"@type\":\"SearchAction\",\"target\":{\"@type\":\"EntryPoint\",\"urlTemplate\":\"https:\/\/wiki.brickrknowledge.com\/es\/?s={search_term_string}\"},\"query-input\":\"required name=search_term_string\"}],\"inLanguage\":\"es-ES\"}]}<\/script>\n<!-- \/ Yoast SEO plugin. -->","yoast_head_json":{"title":"Set Medici\u00f3n 2 - Brick&#039;R&#039;knowledge","robots":{"index":"index","follow":"follow","max-snippet":"max-snippet:-1","max-image-preview":"max-image-preview:large","max-video-preview":"max-video-preview:-1"},"canonical":"https:\/\/brickrknowledge.com\/es\/sets\/extensiones\/measurement-set-two\/","og_locale":"es_ES","og_type":"article","og_title":"Set Medici\u00f3n 2 - Brick&#039;R&#039;knowledge","og_description":"El Set Medici\u00f3n 2 permite con medidores est\u00e1ndar detectar en circuitos Brick\u2019R\u2019knowledge\u00a0la tensi\u00f3n, el\u00a0amperaje u otras\u00a0medidas posibles","og_url":"https:\/\/brickrknowledge.com\/es\/sets\/extensiones\/measurement-set-two\/","og_site_name":"Brick&#039;R&#039;knowledge","article_publisher":"https:\/\/www.facebook.com\/BrickRknowledge","article_modified_time":"2017-08-10T15:13:06+00:00","twitter_card":"summary_large_image","twitter_site":"@brickrknowledge","schema":{"@context":"https:\/\/schema.org","@graph":[{"@type":"WebPage","@id":"https:\/\/brickrknowledge.com\/es\/sets\/extensiones\/measurement-set-two\/","url":"https:\/\/brickrknowledge.com\/es\/sets\/extensiones\/measurement-set-two\/","name":"Set Medici\u00f3n 2 - Brick&#039;R&#039;knowledge","isPartOf":{"@id":"https:\/\/wiki.brickrknowledge.com\/es\/#website"},"datePublished":"2016-12-30T09:26:13+00:00","dateModified":"2017-08-10T15:13:06+00:00","breadcrumb":{"@id":"https:\/\/brickrknowledge.com\/es\/sets\/extensiones\/measurement-set-two\/#breadcrumb"},"inLanguage":"es-ES","potentialAction":[{"@type":"ReadAction","target":["https:\/\/brickrknowledge.com\/es\/sets\/extensiones\/measurement-set-two\/"]}]},{"@type":"BreadcrumbList","@id":"https:\/\/brickrknowledge.com\/es\/sets\/extensiones\/measurement-set-two\/#breadcrumb","itemListElement":[{"@type":"ListItem","position":1,"name":"Home","item":"https:\/\/wiki.brickrknowledge.com\/es\/"},{"@type":"ListItem","position":2,"name":"Sets","item":"https:\/\/forum.brickrknowledge.eu\/es\/sets\/"},{"@type":"ListItem","position":3,"name":"Extensiones","item":"https:\/\/forum.brickrknowledge.eu\/es\/sets\/extensiones\/"},{"@type":"ListItem","position":4,"name":"Set Medici\u00f3n 2"}]},{"@type":"WebSite","@id":"https:\/\/wiki.brickrknowledge.com\/es\/#website","url":"https:\/\/wiki.brickrknowledge.com\/es\/","name":"Brick&#039;R&#039;knowledge","description":"","potentialAction":[{"@type":"SearchAction","target":{"@type":"EntryPoint","urlTemplate":"https:\/\/wiki.brickrknowledge.com\/es\/?s={search_term_string}"},"query-input":"required name=search_term_string"}],"inLanguage":"es-ES"}]}},"_links":{"self":[{"href":"https:\/\/forum.brickrknowledge.eu\/es\/wp-json\/wp\/v2\/pages\/13708"}],"collection":[{"href":"https:\/\/forum.brickrknowledge.eu\/es\/wp-json\/wp\/v2\/pages"}],"about":[{"href":"https:\/\/forum.brickrknowledge.eu\/es\/wp-json\/wp\/v2\/types\/page"}],"author":[{"embeddable":true,"href":"https:\/\/forum.brickrknowledge.eu\/es\/wp-json\/wp\/v2\/users\/2"}],"replies":[{"embeddable":true,"href":"https:\/\/forum.brickrknowledge.eu\/es\/wp-json\/wp\/v2\/comments?post=13708"}],"version-history":[{"count":0,"href":"https:\/\/forum.brickrknowledge.eu\/es\/wp-json\/wp\/v2\/pages\/13708\/revisions"}],"up":[{"embeddable":true,"href":"https:\/\/forum.brickrknowledge.eu\/es\/wp-json\/wp\/v2\/pages\/15917"}],"wp:attachment":[{"href":"https:\/\/forum.brickrknowledge.eu\/es\/wp-json\/wp\/v2\/media?parent=13708"}],"wp:term":[{"taxonomy":"category","embeddable":true,"href":"https:\/\/forum.brickrknowledge.eu\/es\/wp-json\/wp\/v2\/categories?post=13708"},{"taxonomy":"post_tag","embeddable":true,"href":"https:\/\/forum.brickrknowledge.eu\/es\/wp-json\/wp\/v2\/tags?post=13708"}],"curies":[{"name":"wp","href":"https:\/\/api.w.org\/{rel}","templated":true}]}}