
{"id":12348,"date":"2016-08-31T12:33:24","date_gmt":"2016-08-31T10:33:24","guid":{"rendered":"https:\/\/www.brickrknowledge.de\/es\/?page_id=12348"},"modified":"2017-08-08T17:51:10","modified_gmt":"2017-08-08T15:51:10","slug":"blog","status":"publish","type":"page","link":"https:\/\/forum.brickrknowledge.eu\/es\/community\/blog\/","title":{"rendered":"Blog"},"content":{"rendered":"<h5>\u00a1<span id=\"result_box\" class=\"\" lang=\"es\">En <span class=\"\">nuestro blog<\/span> <span class=\"\">Brick&#8217;R&#8217;knowledge<\/span> publicamos varias veces al mes<span class=\"\">!<\/span><\/span><\/h5>\n<p>Encuentra aqu\u00ed las entradas al blog m\u00e1s actuales en relaci\u00f3n con los <a href=\"https:\/\/forum.brickrknowledge.eu\/sets\/\">Brick Sets<\/a>, <a href=\"https:\/\/forum.brickrknowledge.eu\/en\/list-projects\/\">experimentos<\/a> interesantes, las \u00fatlimas <a href=\"https:\/\/forum.brickrknowledge.eu\/auf-der-maker-faire-sachsen\/\">ferias<\/a> y <a href=\"https:\/\/forum.brickrknowledge.eu\/community\/bricks-world\/\">dem\u00e1s eventos<\/a>.<\/p>\n<p>Tambi\u00e9n no encanta leer <a href=\"https:\/\/udv.vela.uberspace.de\/maker-fair-berlin-2017\/\">mensajes de invitados<\/a> adecuados, as\u00ed como feedback de nuestros lectores. Dinos que temas sobre Brick os interesan particularmente y escribe sobre ellos.<\/p>\n","protected":false},"excerpt":{"rendered":"<p>\u00a1En nuestro blog Brick&#8217;R&#8217;knowledge publicamos varias veces al mes! Encuentra aqu\u00ed las entradas al blog m\u00e1s actuales en relaci\u00f3n con los Brick Sets, experimentos interesantes, las \u00fatlimas ferias y dem\u00e1s eventos. Tambi\u00e9n no encanta leer mensajes de invitados adecuados, as\u00ed como feedback de nuestros lectores. Dinos que temas sobre Brick os interesan particularmente y escribe [&hellip;]<\/p>\n","protected":false},"author":2,"featured_media":0,"parent":12346,"menu_order":0,"comment_status":"open","ping_status":"open","template":"page_blog.php","meta":{"footnotes":""},"categories":[],"tags":[],"class_list":["post-12348","page","type-page","status-publish","hentry"],"yoast_head":"<!-- This site is optimized with the Yoast SEO plugin v23.3 - https:\/\/yoast.com\/wordpress\/plugins\/seo\/ -->\n<title>Blog - Brick&#039;R&#039;knowledge<\/title>\n<meta name=\"robots\" content=\"index, follow, max-snippet:-1, max-image-preview:large, max-video-preview:-1\" \/>\n<link rel=\"canonical\" href=\"https:\/\/www.brickrknowledge.de\/es\/community\/blog\/\" \/>\n<meta property=\"og:locale\" content=\"es_ES\" \/>\n<meta property=\"og:type\" content=\"article\" \/>\n<meta property=\"og:title\" content=\"Blog - Brick&#039;R&#039;knowledge\" \/>\n<meta property=\"og:description\" content=\"\u00a1En nuestro blog Brick&#8217;R&#8217;knowledge publicamos varias veces al mes! Encuentra aqu\u00ed las entradas al blog m\u00e1s actuales en relaci\u00f3n con los Brick Sets, experimentos interesantes, las \u00fatlimas ferias y dem\u00e1s eventos. Tambi\u00e9n no encanta leer mensajes de invitados adecuados, as\u00ed como feedback de nuestros lectores. Dinos que temas sobre Brick os interesan particularmente y escribe [&hellip;]\" \/>\n<meta property=\"og:url\" content=\"https:\/\/www.brickrknowledge.de\/es\/community\/blog\/\" \/>\n<meta property=\"og:site_name\" content=\"Brick&#039;R&#039;knowledge\" \/>\n<meta property=\"article:publisher\" content=\"https:\/\/www.facebook.com\/BrickRknowledge\" \/>\n<meta property=\"article:modified_time\" content=\"2017-08-08T15:51:10+00:00\" \/>\n<meta name=\"twitter:card\" content=\"summary_large_image\" \/>\n<meta name=\"twitter:site\" content=\"@brickrknowledge\" \/>\n<script type=\"application\/ld+json\" class=\"yoast-schema-graph\">{\"@context\":\"https:\/\/schema.org\",\"@graph\":[{\"@type\":\"WebPage\",\"@id\":\"https:\/\/www.brickrknowledge.de\/es\/community\/blog\/\",\"url\":\"https:\/\/www.brickrknowledge.de\/es\/community\/blog\/\",\"name\":\"Blog - Brick&#039;R&#039;knowledge\",\"isPartOf\":{\"@id\":\"https:\/\/wiki.brickrknowledge.com\/es\/#website\"},\"datePublished\":\"2016-08-31T10:33:24+00:00\",\"dateModified\":\"2017-08-08T15:51:10+00:00\",\"breadcrumb\":{\"@id\":\"https:\/\/www.brickrknowledge.de\/es\/community\/blog\/#breadcrumb\"},\"inLanguage\":\"es-ES\",\"potentialAction\":[{\"@type\":\"ReadAction\",\"target\":[\"https:\/\/www.brickrknowledge.de\/es\/community\/blog\/\"]}]},{\"@type\":\"BreadcrumbList\",\"@id\":\"https:\/\/www.brickrknowledge.de\/es\/community\/blog\/#breadcrumb\",\"itemListElement\":[{\"@type\":\"ListItem\",\"position\":1,\"name\":\"Home\",\"item\":\"https:\/\/wiki.brickrknowledge.com\/es\/\"},{\"@type\":\"ListItem\",\"position\":2,\"name\":\"Comunidad\",\"item\":\"https:\/\/forum.brickrknowledge.com\/es\/community\/\"},{\"@type\":\"ListItem\",\"position\":3,\"name\":\"Blog\"}]},{\"@type\":\"WebSite\",\"@id\":\"https:\/\/wiki.brickrknowledge.com\/es\/#website\",\"url\":\"https:\/\/wiki.brickrknowledge.com\/es\/\",\"name\":\"Brick&#039;R&#039;knowledge\",\"description\":\"\",\"potentialAction\":[{\"@type\":\"SearchAction\",\"target\":{\"@type\":\"EntryPoint\",\"urlTemplate\":\"https:\/\/wiki.brickrknowledge.com\/es\/?s={search_term_string}\"},\"query-input\":\"required name=search_term_string\"}],\"inLanguage\":\"es-ES\"}]}<\/script>\n<!-- \/ Yoast SEO plugin. -->","yoast_head_json":{"title":"Blog - Brick&#039;R&#039;knowledge","robots":{"index":"index","follow":"follow","max-snippet":"max-snippet:-1","max-image-preview":"max-image-preview:large","max-video-preview":"max-video-preview:-1"},"canonical":"https:\/\/www.brickrknowledge.de\/es\/community\/blog\/","og_locale":"es_ES","og_type":"article","og_title":"Blog - Brick&#039;R&#039;knowledge","og_description":"\u00a1En nuestro blog Brick&#8217;R&#8217;knowledge publicamos varias veces al mes! Encuentra aqu\u00ed las entradas al blog m\u00e1s actuales en relaci\u00f3n con los Brick Sets, experimentos interesantes, las \u00fatlimas ferias y dem\u00e1s eventos. Tambi\u00e9n no encanta leer mensajes de invitados adecuados, as\u00ed como feedback de nuestros lectores. Dinos que temas sobre Brick os interesan particularmente y escribe [&hellip;]","og_url":"https:\/\/www.brickrknowledge.de\/es\/community\/blog\/","og_site_name":"Brick&#039;R&#039;knowledge","article_publisher":"https:\/\/www.facebook.com\/BrickRknowledge","article_modified_time":"2017-08-08T15:51:10+00:00","twitter_card":"summary_large_image","twitter_site":"@brickrknowledge","schema":{"@context":"https:\/\/schema.org","@graph":[{"@type":"WebPage","@id":"https:\/\/www.brickrknowledge.de\/es\/community\/blog\/","url":"https:\/\/www.brickrknowledge.de\/es\/community\/blog\/","name":"Blog - Brick&#039;R&#039;knowledge","isPartOf":{"@id":"https:\/\/wiki.brickrknowledge.com\/es\/#website"},"datePublished":"2016-08-31T10:33:24+00:00","dateModified":"2017-08-08T15:51:10+00:00","breadcrumb":{"@id":"https:\/\/www.brickrknowledge.de\/es\/community\/blog\/#breadcrumb"},"inLanguage":"es-ES","potentialAction":[{"@type":"ReadAction","target":["https:\/\/www.brickrknowledge.de\/es\/community\/blog\/"]}]},{"@type":"BreadcrumbList","@id":"https:\/\/www.brickrknowledge.de\/es\/community\/blog\/#breadcrumb","itemListElement":[{"@type":"ListItem","position":1,"name":"Home","item":"https:\/\/wiki.brickrknowledge.com\/es\/"},{"@type":"ListItem","position":2,"name":"Comunidad","item":"https:\/\/forum.brickrknowledge.com\/es\/community\/"},{"@type":"ListItem","position":3,"name":"Blog"}]},{"@type":"WebSite","@id":"https:\/\/wiki.brickrknowledge.com\/es\/#website","url":"https:\/\/wiki.brickrknowledge.com\/es\/","name":"Brick&#039;R&#039;knowledge","description":"","potentialAction":[{"@type":"SearchAction","target":{"@type":"EntryPoint","urlTemplate":"https:\/\/wiki.brickrknowledge.com\/es\/?s={search_term_string}"},"query-input":"required name=search_term_string"}],"inLanguage":"es-ES"}]}},"_links":{"self":[{"href":"https:\/\/forum.brickrknowledge.eu\/es\/wp-json\/wp\/v2\/pages\/12348"}],"collection":[{"href":"https:\/\/forum.brickrknowledge.eu\/es\/wp-json\/wp\/v2\/pages"}],"about":[{"href":"https:\/\/forum.brickrknowledge.eu\/es\/wp-json\/wp\/v2\/types\/page"}],"author":[{"embeddable":true,"href":"https:\/\/forum.brickrknowledge.eu\/es\/wp-json\/wp\/v2\/users\/2"}],"replies":[{"embeddable":true,"href":"https:\/\/forum.brickrknowledge.eu\/es\/wp-json\/wp\/v2\/comments?post=12348"}],"version-history":[{"count":0,"href":"https:\/\/forum.brickrknowledge.eu\/es\/wp-json\/wp\/v2\/pages\/12348\/revisions"}],"up":[{"embeddable":true,"href":"https:\/\/forum.brickrknowledge.eu\/es\/wp-json\/wp\/v2\/pages\/12346"}],"wp:attachment":[{"href":"https:\/\/forum.brickrknowledge.eu\/es\/wp-json\/wp\/v2\/media?parent=12348"}],"wp:term":[{"taxonomy":"category","embeddable":true,"href":"https:\/\/forum.brickrknowledge.eu\/es\/wp-json\/wp\/v2\/categories?post=12348"},{"taxonomy":"post_tag","embeddable":true,"href":"https:\/\/forum.brickrknowledge.eu\/es\/wp-json\/wp\/v2\/tags?post=12348"}],"curies":[{"name":"wp","href":"https:\/\/api.w.org\/{rel}","templated":true}]}}